{"id":325,"date":"2018-02-05T11:48:01","date_gmt":"2018-02-05T11:48:01","guid":{"rendered":"https:\/\/kelly.kendytheme.net\/?page_id=51"},"modified":"2018-07-22T14:06:16","modified_gmt":"2018-07-22T14:06:16","slug":"bio","status":"publish","type":"page","link":"https:\/\/www.gustavovillegas.com\/english\/bio\/","title":{"rendered":"Bio"},"content":{"rendered":"<p><strong>About Gustavo Villegas<\/strong><br \/>\n(Mexico City, 1976. Lives and works in Quer\u00e9taro, Mexico).<\/p>\n<p><strong>Education<\/strong> <strong>2016<\/strong> Art, Politics and Activism, NODE Center.<br \/>\n<strong>2014<\/strong> Methods for Artistic Creation and Project Design, NODE Center.<br \/>\n<strong>2012<\/strong> Dissemination and Promotion of Artworks within the International Art Scene (course) and Art Production (workshop), NODE Center. <strong>2009<\/strong> Painting Today and Marketing of Fine Arts, Torre 13, Mexico City. <strong>2007 &#8211; 2005<\/strong> Painting, Creativity and Production, Autonomous University of Quer\u00e9taro. <strong>1993-1997<\/strong> Bachelor of Arts in Graphic Design, Universidad del Valle de Mexico, Quer\u00e9taro Campus.<\/p>\n<p><strong>Awards and honors 2018<\/strong> AiR-Artist in Residence Program, Montreux, Switzerland. <strong>2016<\/strong> Selected work, 17th Rufino Tamayo Painting Biennial, Mexico City. <strong>|<\/strong> First Prize, Jos\u00e9 and Tom\u00e1s Ch\u00e1vez Morado West-Central Painting Award, Regional Fund for Culture and the Arts of the West-Central Area, Guanajuato, Mexico. <strong>2014<\/strong> Millay Colony for the Arts Residency Program, New York, USA. <strong>|<\/strong> People\u2019s Choice Award, 11th Monterrey FEMSA Biennial, Monterrey, Mexico. <strong>|<\/strong> Honorable mention, Miradas 6th National Visual Arts Biennial, Tijuana Cultural Center, Tijuana, Mexico. <strong>2013-2015<\/strong> National System for Creators Grant, CONACULTA-FONCA, Mexico City. <strong>2012-2013<\/strong> Creators with Experience-PECDA Grant, Quer\u00e9taro Institute for Culture and the Arts, Quer\u00e9taro, Mexico. <strong>2011<\/strong> The WhyNot Place, Religare Arts Residency Program, New Delhi, India. <strong>2010-2011<\/strong> Young Creators Grant, FONCA, Mexico City. <strong>2010<\/strong> Djerassi Resident Artists Program, Woodside, California, USA. <strong>2009-2010<\/strong> Selected work, CUADRO Guide and Emerging Artists Salon, Mexico City. <strong>2008<\/strong> Selected work, Jumex Foundation Collection, Mexico City. <strong>|<\/strong> Contemporary Arts Clinic with Clayton Campbell, State of Mexico, Mexico. <strong>|<\/strong> Artists in Residency Program, FONCA-Banff Centre, Alberta, Canada. <strong>2007-2008<\/strong> State Creators Grant, Quer\u00e9taro Institute for Culture and the Arts, Quer\u00e9taro, Mexico. <strong>2007<\/strong> Selected work, Emerging Contemporary Arts Fair (FACE), Mexico City. <strong>|<\/strong> Selected work for the 2007-2008 edition of the book-catalog mART Artistas Emergentes para Nuevos Coleccionistas (mART Emerging Artists for New Collectors), Murrieta Foundation and Cuarta Pared magazine, Mexico City. <strong>|<\/strong> Incentives for Creation Grant, Quer\u00e9taro Institute for Culture and the Arts, Quer\u00e9taro, Mexico. <strong>2006<\/strong> Acquisition Prize, Artemergente, Monterrey 2006 National Biennial, Monterrey, Mexico. <strong>|<\/strong> First Prize, Julio Castillo National Painting Biennial, Libertad Gallery, Quer\u00e9taro, Mexico.<\/p>\n<p><strong>Solo exhibitions (selection) 2018<\/strong> \u201cPreuve d&#8217;impermanence\u201d, Maison Visinand, Montreux, Switzerland. <strong>2017<\/strong> \u201cOmega\u201d, Heart Ego Gallery, Monterrey, Mexico. <strong>2015<\/strong> \u201cImaginophagy of Destruction, v2.0\u201d, Center for the Arts, Fundidora Park, Monterrey, Mexico. <strong>2014<\/strong> \u201cImaginophagy of Destruction\u201d, Libertad Gallery, Quer\u00e9taro, Mexico. <strong>2013<\/strong> \u201cSeduction of Destruction\u201d, Ricardo Reyes Contemporary Art Gallery, Mexico City. <strong>2012<\/strong> \u201cDecomposed Willpower\u201d, on occasion of the 10th Anniversary of the Rosario S\u00e1nchez de Lozada Municipal Gallery, Quer\u00e9taro, Mexico. <strong>2011<\/strong> \u201cTerrestris\u201d, Galerie Espacio, Morges, Switzerland. <strong>2010<\/strong> \u201cNon Ego\u201d, Aldama Fine Arts Gallery, Mexico City. <strong>|<\/strong> \u201cQui est celui qui est\u201d, Galerie Espacio, Morges, Switzerland. <strong>|<\/strong> \u201cWho is He That He Is\u201d, Quer\u00e9taro Museum of Art, Quer\u00e9taro, Mexico. <strong>2009<\/strong> \u201cRandom Pleasures\u201d, Polyforum Siqueiros Museum, Mexico City. <strong>|<\/strong> \u201cRandom Pleasures\u201d, Bernardo Quintana Arrioja Arts Center, Quer\u00e9taro, Mexico. <strong>2008<\/strong> \u201cStudies\u201d, The Other Gallery, Banff Centre, Alberta, Canada. <strong>|<\/strong> \u201cAnywhere\u201d, Galerie Espacio, Morges, Switzerland. <strong>2007<\/strong> \u201cAtt r\u00e4kna med\u201d, Alings\u00e5s konsthall, Sweden. <strong>|<\/strong> \u201cBeyond the Signifier\u201d, Libertad Gallery, Quer\u00e9taro, Mexico. <strong>|<\/strong> \u201cUrban\u201d, Corazones Gallery, Guanajuato, Mexico. <strong>|<\/strong> \u201cNYC\u201d, Atrium Gallery, San Miguel de Allende, Guanajuato, Mexico. <strong>2006<\/strong> &#8220;To Be&#8230; or Not?\u201d, Contemporary Art University Gallery, Quer\u00e9taro, Mexico. <strong>|<\/strong> \u201cInclusions\u201d, Quer\u00e9taro Museum of Art, Quer\u00e9taro, Mexico.<\/p>\n<p><strong>Publications 2017<\/strong> About Loss. Gustavo Villegas. Published by Cultural Section, Quer\u00e9taro Government, Mexico <strong>2015<\/strong> Mexico: The Future Is Unwritten. Contemporary Artists from Mexico, Imago Mundi &#8211; Luciano Benetton Collection, published by Fabrica, Italy. <strong>2014<\/strong> 10 Artistas de Quer\u00e9taro. Colecci\u00f3n Particular. Notar\u00eda 30. Quer\u00e9taro, Mexico. <strong>2011<\/strong> Here, Now, Then, There and Here Again, Religare Art, New Delhi, India. <strong>|<\/strong> Accrochages, Magazine d\u2019Art No. 131, Switzerland. <strong>2010<\/strong> Accrochages, Magazine d\u2019Art No. 116, Switzerland. <strong>2008<\/strong> Accrochages, Magazine d\u2019Art No. 96, Switzerland. <strong>|<\/strong> Armas y Letras (magazine), No. 62-63, Autonomous University of Nuevo Le\u00f3n, Mexico. <strong>2007<\/strong> Cuarta Pared (magazine), Nos. 6 and 7, Editorial Cuarta Pared, Mexico. <strong>|<\/strong> Book-catalog mART Artistas Emergentes para Nuevos Coleccionistas (mART Emerging Artists for New Collectors), Editorial Cuarta Pared, Mexico City.<\/p>\n<p><strong>Collections<\/strong> Luciano Benetton Collection (Venice, Italy), Montreux Art Gallery Foundation (Montreux, Switzerland), Murrieta Foundation (Mexico City), Alings\u00e5s Bibliotek Library (Alings\u00e5s, Sweden), Polyforum Siqueiros Museum (Mexico City), Pinacoteca Gallery of the State Government of Nuevo Le\u00f3n (Nuevo Le\u00f3n, Mexico), Quer\u00e9taro Museum of Art (Quer\u00e9taro, Mexico), Libertad Gallery (Quer\u00e9taro, Mexico), Autonomous University of Quer\u00e9taro (Quer\u00e9taro, Mexico), DRT Foundation (Quer\u00e9taro, Mexico), Ram\u00edrez Collection (Morelia, Mexico), Lomel\u00ed Collection (Quer\u00e9taro, Mexico), J.C. Drexel Collection (Monterrey, Mexico), JMSR Collection (Quer\u00e9taro, Mexico), Slim Domit Collection, Sober\u00f3n Kuri Collection, Ricardo Reyes Collection, Zaga Collection, Cuarta Pared Collection (all located in Mexico City).<\/p>\n","protected":false},"excerpt":{"rendered":"<p>About Gustavo Villegas (Mexico City, 1976. Lives and works in Quer\u00e9taro, Mexico). Education 2016 Art, Politics and Activism, NODE Center. 2014 Methods for Artistic Creation and Project Design, NODE Center. 2012 Dissemination and Promotion of Artworks within the International Art Scene (course) and Art Production (workshop), NODE Center. 2009 Painting Today and Marketing of Fine [&hellip;]<\/p>\n","protected":false},"author":1,"featured_media":322,"parent":0,"menu_order":0,"comment_status":"closed","ping_status":"closed","template":"","meta":{"footnotes":""},"class_list":["post-325","page","type-page","status-publish","has-post-thumbnail","hentry"],"_links":{"self":[{"href":"https:\/\/www.gustavovillegas.com\/english\/wp-json\/wp\/v2\/pages\/325","targetHints":{"allow":["GET"]}}],"collection":[{"href":"https:\/\/www.gustavovillegas.com\/english\/wp-json\/wp\/v2\/pages"}],"about":[{"href":"https:\/\/www.gustavovillegas.com\/english\/wp-json\/wp\/v2\/types\/page"}],"author":[{"embeddable":true,"href":"https:\/\/www.gustavovillegas.com\/english\/wp-json\/wp\/v2\/users\/1"}],"replies":[{"embeddable":true,"href":"https:\/\/www.gustavovillegas.com\/english\/wp-json\/wp\/v2\/comments?post=325"}],"version-history":[{"count":14,"href":"https:\/\/www.gustavovillegas.com\/english\/wp-json\/wp\/v2\/pages\/325\/revisions"}],"predecessor-version":[{"id":451,"href":"https:\/\/www.gustavovillegas.com\/english\/wp-json\/wp\/v2\/pages\/325\/revisions\/451"}],"wp:featuredmedia":[{"embeddable":true,"href":"https:\/\/www.gustavovillegas.com\/english\/wp-json\/wp\/v2\/media\/322"}],"wp:attachment":[{"href":"https:\/\/www.gustavovillegas.com\/english\/wp-json\/wp\/v2\/media?parent=325"}],"curies":[{"name":"wp","href":"https:\/\/api.w.org\/{rel}","templated":true}]}}