{"id":326,"date":"2018-02-05T11:48:32","date_gmt":"2018-02-05T11:48:32","guid":{"rendered":"https:\/\/kelly.kendytheme.net\/?page_id=58"},"modified":"2019-06-12T22:40:05","modified_gmt":"2019-06-12T22:40:05","slug":"contact-2","status":"publish","type":"page","link":"https:\/\/www.gustavovillegas.com\/spanish\/contact-2\/","title":{"rendered":"Cont\u00e1ctame"},"content":{"rendered":"<p>Escr\u00edbeme, me dar\u00e1 mucho gusto estar en contacto.<\/p>\n<ul>\n<li><strong>Tel\u00e9fono celular:<\/strong>\u00a0+52 (442) 122 24 66<\/li>\n<li><strong>Email:<\/strong> gustavo@gustavovillegas.com<\/li>\n<\/ul>\n\n<div class=\"wpcf7 no-js\" id=\"wpcf7-f61-o1\" lang=\"en-US\" dir=\"ltr\" data-wpcf7-id=\"61\">\n<div class=\"screen-reader-response\"><p role=\"status\" aria-live=\"polite\" aria-atomic=\"true\"><\/p> <ul><\/ul><\/div>\n<form action=\"\/spanish\/wp-json\/wp\/v2\/pages\/326#wpcf7-f61-o1\" method=\"post\" class=\"wpcf7-form init\" aria-label=\"Contact form\" novalidate=\"novalidate\" data-status=\"init\">\n<div style=\"display: none;\">\n<input type=\"hidden\" name=\"_wpcf7\" value=\"61\" \/>\n<input type=\"hidden\" name=\"_wpcf7_version\" value=\"6.0.6\" \/>\n<input type=\"hidden\" name=\"_wpcf7_locale\" value=\"en_US\" \/>\n<input type=\"hidden\" name=\"_wpcf7_unit_tag\" value=\"wpcf7-f61-o1\" \/>\n<input type=\"hidden\" name=\"_wpcf7_container_post\" value=\"0\" \/>\n<input type=\"hidden\" name=\"_wpcf7_posted_data_hash\" value=\"\" \/>\n<\/div>\n<div class=\"contact-item form-name\">\n\t<p><span class=\"wpcf7-form-control-wrap\" data-name=\"your-name\"><input size=\"40\" maxlength=\"400\" class=\"wpcf7-form-control wpcf7-text wpcf7-validates-as-required\" aria-required=\"true\" aria-invalid=\"false\" placeholder=\"Nombre *\" value=\"\" type=\"text\" name=\"your-name\" \/><\/span>\n\t<\/p>\n<\/div>\n<div class=\"contact-item form-email\">\n\t<p><span class=\"wpcf7-form-control-wrap\" data-name=\"your-email\"><input size=\"40\" maxlength=\"400\" class=\"wpcf7-form-control wpcf7-email wpcf7-validates-as-required wpcf7-text wpcf7-validates-as-email\" aria-required=\"true\" aria-invalid=\"false\" placeholder=\"Email*\" value=\"\" type=\"email\" name=\"your-email\" \/><\/span>\n\t<\/p>\n<\/div>\n<div class=\"contact-item form-message\">\n\t<p><span class=\"wpcf7-form-control-wrap\" data-name=\"your-message\"><textarea cols=\"40\" rows=\"10\" maxlength=\"2000\" class=\"wpcf7-form-control wpcf7-textarea wpcf7-validates-as-required\" aria-required=\"true\" aria-invalid=\"false\" placeholder=\"Mensaje *\" name=\"your-message\"><\/textarea><\/span>\n\t<\/p>\n<\/div>\n<div class=\"contact-item form-submit\">\n\t<p>[recaptcha]\n\t<\/p>\n<\/div>\n<div class=\"contact-item form-submit\">\n\t<p><input class=\"wpcf7-form-control wpcf7-submit has-spinner\" type=\"submit\" value=\"Send\" \/>\n\t<\/p>\n<\/div><div class=\"wpcf7-response-output\" aria-hidden=\"true\"><\/div>\n<\/form>\n<\/div>\n\n","protected":false},"excerpt":{"rendered":"<p>Escr\u00edbeme, me dar\u00e1 mucho gusto estar en contacto. Tel\u00e9fono celular:\u00a0+52 (442) 122 24 66 Email: gustavo@gustavovillegas.com<\/p>\n","protected":false},"author":1,"featured_media":142,"parent":0,"menu_order":0,"comment_status":"closed","ping_status":"closed","template":"","meta":{"footnotes":""},"class_list":["post-326","page","type-page","status-publish","has-post-thumbnail","hentry"],"_links":{"self":[{"href":"https:\/\/www.gustavovillegas.com\/spanish\/wp-json\/wp\/v2\/pages\/326","targetHints":{"allow":["GET"]}}],"collection":[{"href":"https:\/\/www.gustavovillegas.com\/spanish\/wp-json\/wp\/v2\/pages"}],"about":[{"href":"https:\/\/www.gustavovillegas.com\/spanish\/wp-json\/wp\/v2\/types\/page"}],"author":[{"embeddable":true,"href":"https:\/\/www.gustavovillegas.com\/spanish\/wp-json\/wp\/v2\/users\/1"}],"replies":[{"embeddable":true,"href":"https:\/\/www.gustavovillegas.com\/spanish\/wp-json\/wp\/v2\/comments?post=326"}],"version-history":[{"count":3,"href":"https:\/\/www.gustavovillegas.com\/spanish\/wp-json\/wp\/v2\/pages\/326\/revisions"}],"predecessor-version":[{"id":418,"href":"https:\/\/www.gustavovillegas.com\/spanish\/wp-json\/wp\/v2\/pages\/326\/revisions\/418"}],"wp:featuredmedia":[{"embeddable":true,"href":"https:\/\/www.gustavovillegas.com\/spanish\/wp-json\/wp\/v2\/media\/142"}],"wp:attachment":[{"href":"https:\/\/www.gustavovillegas.com\/spanish\/wp-json\/wp\/v2\/media?parent=326"}],"curies":[{"name":"wp","href":"https:\/\/api.w.org\/{rel}","templated":true}]}}